{"id":56,"date":"2024-07-09T13:00:36","date_gmt":"2024-07-09T13:00:36","guid":{"rendered":"http:\/\/seteban.net.br\/anapolis\/?page_id=56"},"modified":"2024-07-09T14:45:33","modified_gmt":"2024-07-09T14:45:33","slug":"contato","status":"publish","type":"page","link":"https:\/\/seteban.net.br\/anapolis\/contato\/","title":{"rendered":"CONTATO"},"content":{"rendered":"<p><strong>Secretaria:<\/strong> (62) 3098-3191<\/p>\n<p><strong>Coordena\u00e7\u00e3o pedag\u00f3gica:<\/strong> (62) 9 9231-6773 (Whatsapp)<\/p>\n<p><strong>Financeiro: <\/strong>(62) 9 9291-3861 (Whatsapp)<\/p>\n<p><strong>Instagram:<\/strong> @setebanapolis<\/p>\n<p><strong>E-mail:<\/strong> setebananapolis@gmail.com<\/p>\n<p><strong>Endere\u00e7o:<\/strong> Avenida Presidente Kennedy, n\u00ba39, Maracan\u00e3 \u00a0&#8211; CEP: 75.040-040 &#8211; An\u00e1polis-GO<\/p>\n<hr \/>\n<p><iframe src=\"https:\/\/maps.google.com.br\/maps?ie=UTF8&amp;cid=5656584292249791184&amp;q=Igreja+Batista+Central+de+An{65b75e5f11a63cd1bb971653bc3009f049b2d9cadb7e0b9ddff053f4982e18e6}C3{65b75e5f11a63cd1bb971653bc3009f049b2d9cadb7e0b9ddff053f4982e18e6}A1polis&amp;gl=BR&amp;hl=pt-BR&amp;ll=-16.318855,-48.954675&amp;spn=0.006295,0.006295&amp;t=h&amp;iwloc=A&amp;output=embed\" width=\"500\" height=\"500\" frameborder=\"0\" marginwidth=\"0\" marginheight=\"0\" scrolling=\"no\"><\/iframe><\/p>\n","protected":false},"excerpt":{"rendered":"<p>Secretaria: (62) 3098-3191 Coordena\u00e7\u00e3o pedag\u00f3gica: (62) 9 9231-6773 (Whatsapp) Financeiro: (62) 9 9291-3861 (Whatsapp) Instagram: @setebanapolis E-mail: setebananapolis@gmail.com Endere\u00e7o: Avenida Presidente Kennedy, n\u00ba39, Maracan\u00e3 \u00a0&#8211; CEP: 75.040-040 &#8211; An\u00e1polis-GO<\/p>\n","protected":false},"author":1,"featured_media":0,"parent":0,"menu_order":0,"comment_status":"closed","ping_status":"open","template":"","meta":{"_joinchat":[],"footnotes":""},"class_list":["post-56","page","type-page","status-publish","hentry"],"_links":{"self":[{"href":"https:\/\/seteban.net.br\/anapolis\/wp-json\/wp\/v2\/pages\/56","targetHints":{"allow":["GET"]}}],"collection":[{"href":"https:\/\/seteban.net.br\/anapolis\/wp-json\/wp\/v2\/pages"}],"about":[{"href":"https:\/\/seteban.net.br\/anapolis\/wp-json\/wp\/v2\/types\/page"}],"author":[{"embeddable":true,"href":"https:\/\/seteban.net.br\/anapolis\/wp-json\/wp\/v2\/users\/1"}],"replies":[{"embeddable":true,"href":"https:\/\/seteban.net.br\/anapolis\/wp-json\/wp\/v2\/comments?post=56"}],"version-history":[{"count":18,"href":"https:\/\/seteban.net.br\/anapolis\/wp-json\/wp\/v2\/pages\/56\/revisions"}],"predecessor-version":[{"id":1954,"href":"https:\/\/seteban.net.br\/anapolis\/wp-json\/wp\/v2\/pages\/56\/revisions\/1954"}],"wp:attachment":[{"href":"https:\/\/seteban.net.br\/anapolis\/wp-json\/wp\/v2\/media?parent=56"}],"curies":[{"name":"wp","href":"https:\/\/api.w.org\/{rel}","templated":true}]}}