{"id":30528,"date":"2025-11-27T20:09:10","date_gmt":"2025-11-27T20:09:10","guid":{"rendered":"https:\/\/seteban.net.br\/anapolis\/?page_id=30528"},"modified":"2025-11-27T20:35:30","modified_gmt":"2025-11-27T20:35:30","slug":"historia","status":"publish","type":"page","link":"https:\/\/seteban.net.br\/anapolis\/historia\/","title":{"rendered":"HIST\u00d3RIA"},"content":{"rendered":"<p><img fetchpriority=\"high\" decoding=\"async\" src=\"https:\/\/seteban.net.br\/anapolis\/wp-content\/uploads\/2025\/11\/Captura-de-tela-2025-11-27-173214.png\" sizes=\"(max-width: 640px) 100vw, 640px\" srcset=\"https:\/\/seteban.net.br\/anapolis\/wp-content\/uploads\/2025\/11\/Captura-de-tela-2025-11-27-173214.png 802w, https:\/\/seteban.net.br\/anapolis\/wp-content\/uploads\/2025\/11\/Captura-de-tela-2025-11-27-173214-300x49.png 300w, https:\/\/seteban.net.br\/anapolis\/wp-content\/uploads\/2025\/11\/Captura-de-tela-2025-11-27-173214-768x124.png 768w\" alt=\"\" width=\"640\" height=\"104\" \/><\/p>\n<p style=\"text-align: left;\">O <strong>SEMIN\u00c1RIO TEOL\u00d3GICO BATISTA NACIONAL (SETEBAN)<\/strong>, foi fundado em Goi\u00e2nia no m\u00eas de agosto de 1982 pela CBN\/GO &#8211; Conven\u00e7\u00e3o Batista Nacional do Estado de Goi\u00e1s e no dia 02 de mar\u00e7o do ano de 1997, pela dire\u00e7\u00e3o de Deus, dada ao Pastor Jesus Aparecido dos Santos Silva e aos mission\u00e1rios Thadeu Pereira de Ara\u00fajo e M\u00e1rcia Ferreira Naves de Ara\u00fajo, trouxeram a sua extens\u00e3o para An\u00e1polis, com o desejo de atender a ordem do Senhor Jesus que nos mandou fazer disc\u00edpulos, treinando-os para a obra mission\u00e1ria, visando \u00e0 expans\u00e3o do Seu Reino.<\/p>\n<p>Com o passar dos anos Deus nos deu a gra\u00e7a de continuar crescendo,\u00a0centenas de\u00a0 alunos de v\u00e1rias denomina\u00e7\u00f5es j\u00e1 passaram por essa casa, e uma boa parte deles est\u00e3o servindo fielmente ao Senhor em v\u00e1rios campos dentro e fora da nossa cultura. Temos ex-alunos devidamente formados em muitas cidades do nosso Estado inclusive na Regi\u00e3o Kalunga no Norte de Goi\u00e1s, em Portugal e no Jap\u00e3o.<\/p>\n<p>Durante esse tempo temos contado com um amplo e precioso quadro de professores vindos de v\u00e1rias denomina\u00e7\u00f5es o que tem contribu\u00eddo para uma diversidade ben\u00e9fica no ensino atrav\u00e9s da troca de experi\u00eancias denominacionais.<\/p>\n<p>Em outubro de 2011 o SETEBAN An\u00e1polis, deixou de ser extens\u00e3o de Goi\u00e2nia, por\u00e9m continua filiado a CBN\/GO e ao CONADE \u2013 Conselho Administrativo dos Semin\u00e1rios.<\/p>\n<p>Funciona nas depend\u00eancias da Igreja Batista Central de An\u00e1polis e com seu total apoio, temos salas preparadas para receber bem nossos alunos com recursos\u00a0diversos para promover um ensino de qualidade. Uma biblioteca em forma\u00e7\u00e3o, mas capaz de atender os alunos em seus estudos.<\/p>\n<p>A diretoria do SETEBAN An\u00e1polis, atualmente \u00e9 formada de um Diretor Geral, uma Dire\u00e7\u00e3o Adjunta, uma Coordena\u00e7\u00e3o Acad\u00eamica, um Diretor Administrativo Financeiro e uma Secretaria Financeira, conforme organograma anexado ao site.<\/p>\n<p>Entendemos que o melhor caminho para preparar os disc\u00edpulos que Cristo escolhera para si, \u00e9 por interm\u00e9dio do Semin\u00e1rio, com a gra\u00e7a de Deus esperamos\u00a0cumprir esse prop\u00f3sito, lembrando que \u201c&#8230; a vontade de Deus \u00e9 boa, perfeita e agrad\u00e1vel\u201d conforme Romanos 12:2b.<\/p>\n<p><strong>Filosofia:<\/strong><\/p>\n<p>Como Filosofia, observamos Mateus 28.19 \u201cIde, portanto fazei disc\u00edpulos de todas as na\u00e7\u00f5es&#8230;\u201d.<\/p>\n<p><strong>Miss\u00e3o:<\/strong><\/p>\n<p>Nossa miss\u00e3o: \u201cFormar servos para mostrar Jesus ao mundo\u201d.<\/p>\n<p><strong>Vis\u00e3o:<\/strong><\/p>\n<p>Preparar obreiros para o exerc\u00edcio do minist\u00e9rio atrav\u00e9s do treinamento acad\u00eamico de cunho teol\u00f3gico e pr\u00e1tico, visando \u00e0 forma\u00e7\u00e3o do car\u00e1ter crist\u00e3o, descrito nas Escrituras, sem desprezar a cultura acad\u00eamica, mediante a a\u00e7\u00e3o direta do Esp\u00edrito Santo, levando o aluno a se dispor de forma respons\u00e1vel e com caracter\u00edsticas de um verdadeiro disc\u00edpulo para o servi\u00e7o do Reino de Deus objetivando sua expans\u00e3o.<\/p>\n<p><strong>Objetivos:<\/strong><\/p>\n<ul>\n<li>Excel\u00eancia na forma\u00e7\u00e3o dos obreiros \u00a0&#8211; \u201ca fim de que todo o homem de Deus seja perfeito e perfeitamente habilitado para toda boa obra\u201d.<\/li>\n<li>Ensino acad\u00eamico alicer\u00e7ado nos par\u00e2metros e profundidade regidos pelas Sagradas Escrituras e na depend\u00eancia do Esp\u00edrito Santo.<\/li>\n<li>Prioritariamente testemunho do vocacionado, levando-o a lutar pela forma\u00e7\u00e3o do seu car\u00e1ter crist\u00e3o.<\/li>\n<li>Primar por um ensino de qualidade para forma\u00e7\u00e3o teol\u00f3gica e pr\u00e1tica observando as caracter\u00edsticas, custos e responsabilidade que levar\u00e3o a forma\u00e7\u00e3o de um car\u00e1ter sadio.<\/li>\n<\/ul>\n","protected":false},"excerpt":{"rendered":"<p>O SEMIN\u00c1RIO TEOL\u00d3GICO BATISTA NACIONAL (SETEBAN), foi fundado em Goi\u00e2nia no m\u00eas de agosto de 1982 pela CBN\/GO &#8211; Conven\u00e7\u00e3o Batista Nacional do Estado de Goi\u00e1s e no dia 02 de mar\u00e7o do ano de 1997, pela dire\u00e7\u00e3o de Deus, dada ao Pastor Jesus Aparecido dos Santos Silva e aos mission\u00e1rios Thadeu Pereira de Ara\u00fajo e M\u00e1rcia Ferreira Naves de [&hellip;]<\/p>\n","protected":false},"author":3,"featured_media":0,"parent":0,"menu_order":0,"comment_status":"closed","ping_status":"closed","template":"","meta":{"_joinchat":[],"footnotes":""},"class_list":["post-30528","page","type-page","status-publish","hentry"],"_links":{"self":[{"href":"https:\/\/seteban.net.br\/anapolis\/wp-json\/wp\/v2\/pages\/30528","targetHints":{"allow":["GET"]}}],"collection":[{"href":"https:\/\/seteban.net.br\/anapolis\/wp-json\/wp\/v2\/pages"}],"about":[{"href":"https:\/\/seteban.net.br\/anapolis\/wp-json\/wp\/v2\/types\/page"}],"author":[{"embeddable":true,"href":"https:\/\/seteban.net.br\/anapolis\/wp-json\/wp\/v2\/users\/3"}],"replies":[{"embeddable":true,"href":"https:\/\/seteban.net.br\/anapolis\/wp-json\/wp\/v2\/comments?post=30528"}],"version-history":[{"count":11,"href":"https:\/\/seteban.net.br\/anapolis\/wp-json\/wp\/v2\/pages\/30528\/revisions"}],"predecessor-version":[{"id":30544,"href":"https:\/\/seteban.net.br\/anapolis\/wp-json\/wp\/v2\/pages\/30528\/revisions\/30544"}],"wp:attachment":[{"href":"https:\/\/seteban.net.br\/anapolis\/wp-json\/wp\/v2\/media?parent=30528"}],"curies":[{"name":"wp","href":"https:\/\/api.w.org\/{rel}","templated":true}]}}