{"id":25,"date":"2024-07-09T13:00:37","date_gmt":"2024-07-09T13:00:37","guid":{"rendered":"http:\/\/seteban.net.br\/anapolis\/?page_id=25"},"modified":"2025-09-15T23:27:47","modified_gmt":"2025-09-15T23:27:47","slug":"diretoria","status":"publish","type":"page","link":"https:\/\/seteban.net.br\/anapolis\/diretoria\/","title":{"rendered":"DIRETORIA"},"content":{"rendered":"<p style=\"text-align: justify;\">A diretoria do <strong>SETEBAN An\u00e1polis<\/strong>, atualmente \u00e9 formada de um Diretor Geral, uma Diretora Adjunta, um Diretor Administrativo Financeiro, um Coordenador Pedag\u00f3gico, uma Secretaria Geral, al\u00e9m de um Conselheiro Acad\u00eamico.<\/p>\n<p style=\"text-align: justify;\">Entendemos que um caminho para preparar os disc\u00edpulos que Cristo escolhera para si, \u00e9 por interm\u00e9dio do Semin\u00e1rio, com a gra\u00e7a de Deus esperamos cumprir esse prop\u00f3sito, lembrando que \u201c\u2026 a vontade de Deus \u00e9 boa, perfeita e agrad\u00e1vel\u201d conforme Romanos 12:2b.<\/p>\n<hr \/>\n<p><strong>Diretor Geral:<\/strong> Jesus Aparecido dos Santos Silva<\/p>\n<p><strong>Diretora Adjunta:<\/strong> Zeny Macedo Guimar\u00e3es<\/p>\n<p><strong>Diretor Administrativo Financeiro:<\/strong> Manoel de Souza Dourado Neto<\/p>\n<p><strong>Coordenador Pedag\u00f3gico:\u00a0<\/strong>\u00cdtalo Gabriel Fagundes da Silva<\/p>\n<p><strong>Conselheiro Acad\u00eamico:<\/strong> Heliel Carvalho<\/p>\n<p><strong>Secretaria administrativa Financeira<\/strong>: Wanessa Pessoni<\/p>\n","protected":false},"excerpt":{"rendered":"<p>A diretoria do SETEBAN An\u00e1polis, atualmente \u00e9 formada de um Diretor Geral, uma Diretora Adjunta, um Diretor Administrativo Financeiro, um Coordenador Pedag\u00f3gico, uma Secretaria Geral, al\u00e9m de um Conselheiro Acad\u00eamico. Entendemos que um caminho para preparar os disc\u00edpulos que Cristo escolhera para si, \u00e9 por interm\u00e9dio do Semin\u00e1rio, com a gra\u00e7a de Deus esperamos cumprir esse prop\u00f3sito, lembrando que \u201c\u2026 [&hellip;]<\/p>\n","protected":false},"author":1,"featured_media":461,"parent":0,"menu_order":0,"comment_status":"closed","ping_status":"open","template":"","meta":{"_joinchat":[],"footnotes":""},"class_list":["post-25","page","type-page","status-publish","has-post-thumbnail","hentry"],"_links":{"self":[{"href":"https:\/\/seteban.net.br\/anapolis\/wp-json\/wp\/v2\/pages\/25","targetHints":{"allow":["GET"]}}],"collection":[{"href":"https:\/\/seteban.net.br\/anapolis\/wp-json\/wp\/v2\/pages"}],"about":[{"href":"https:\/\/seteban.net.br\/anapolis\/wp-json\/wp\/v2\/types\/page"}],"author":[{"embeddable":true,"href":"https:\/\/seteban.net.br\/anapolis\/wp-json\/wp\/v2\/users\/1"}],"replies":[{"embeddable":true,"href":"https:\/\/seteban.net.br\/anapolis\/wp-json\/wp\/v2\/comments?post=25"}],"version-history":[{"count":23,"href":"https:\/\/seteban.net.br\/anapolis\/wp-json\/wp\/v2\/pages\/25\/revisions"}],"predecessor-version":[{"id":30454,"href":"https:\/\/seteban.net.br\/anapolis\/wp-json\/wp\/v2\/pages\/25\/revisions\/30454"}],"wp:featuredmedia":[{"embeddable":true,"href":"https:\/\/seteban.net.br\/anapolis\/wp-json\/wp\/v2\/media\/461"}],"wp:attachment":[{"href":"https:\/\/seteban.net.br\/anapolis\/wp-json\/wp\/v2\/media?parent=25"}],"curies":[{"name":"wp","href":"https:\/\/api.w.org\/{rel}","templated":true}]}}